{"id":333,"date":"2020-08-23T15:13:02","date_gmt":"2020-08-23T15:13:02","guid":{"rendered":"http:\/\/gradasehijos.com\/geh\/?page_id=333"},"modified":"2020-11-09T16:12:55","modified_gmt":"2020-11-09T16:12:55","slug":"pantalan","status":"publish","type":"page","link":"https:\/\/gradasehijos.com\/geh\/pantalan\/","title":{"rendered":"Pantalan"},"content":{"rendered":"\n<p class=\"has-3-xl-font-size\"><strong><span style=\"color:#1900ff\" class=\"has-inline-color\">Reparaci\u00f3n y protecci\u00f3n del hormig\u00f3n da\u00f1ado &nbsp;lado Oeste del pantal\u00e1n<\/span><\/strong><\/p>\n\n\n\n\n","protected":false},"excerpt":{"rendered":"<p>Reparaci\u00f3n y protecci\u00f3n del hormig\u00f3n da\u00f1ado &nbsp;lado Oeste del pantal\u00e1n<\/p>\n","protected":false},"author":1,"featured_media":0,"parent":0,"menu_order":0,"comment_status":"closed","ping_status":"closed","template":"","meta":{"_themeisle_gutenberg_block_has_review":false},"aioseo_notices":[],"_links":{"self":[{"href":"https:\/\/gradasehijos.com\/geh\/wp-json\/wp\/v2\/pages\/333"}],"collection":[{"href":"https:\/\/gradasehijos.com\/geh\/wp-json\/wp\/v2\/pages"}],"about":[{"href":"https:\/\/gradasehijos.com\/geh\/wp-json\/wp\/v2\/types\/page"}],"author":[{"embeddable":true,"href":"https:\/\/gradasehijos.com\/geh\/wp-json\/wp\/v2\/users\/1"}],"replies":[{"embeddable":true,"href":"https:\/\/gradasehijos.com\/geh\/wp-json\/wp\/v2\/comments?post=333"}],"version-history":[{"count":5,"href":"https:\/\/gradasehijos.com\/geh\/wp-json\/wp\/v2\/pages\/333\/revisions"}],"predecessor-version":[{"id":2248,"href":"https:\/\/gradasehijos.com\/geh\/wp-json\/wp\/v2\/pages\/333\/revisions\/2248"}],"wp:attachment":[{"href":"https:\/\/gradasehijos.com\/geh\/wp-json\/wp\/v2\/media?parent=333"}],"curies":[{"name":"wp","href":"https:\/\/api.w.org\/{rel}","templated":true}]}}