{"id":186,"date":"2020-08-13T14:07:26","date_gmt":"2020-08-13T14:07:26","guid":{"rendered":"http:\/\/gradasehijos.com\/geh\/?page_id=186"},"modified":"2020-11-17T00:15:09","modified_gmt":"2020-11-17T00:15:09","slug":"proteccion-del-hormigon","status":"publish","type":"page","link":"https:\/\/gradasehijos.com\/geh\/proteccion-del-hormigon\/","title":{"rendered":"Protecci\u00f3n del Hormig\u00f3n"},"content":{"rendered":"\n<p class=\"has-3-xl-font-size\"><strong><span style=\"color:#0004ff\" class=\"has-inline-color\">Reparaci\u00f3n del Hormig\u00f3n<\/span><\/strong><\/p>\n\n\n\n<figure class=\"wp-block-image size-large is-resized\"><img loading=\"lazy\" src=\"http:\/\/gradasehijos.com\/geh\/wp-content\/uploads\/2020\/10\/e-19.png\" alt=\"\" class=\"wp-image-1932\" width=\"1061\" height=\"1447\" srcset=\"https:\/\/gradasehijos.com\/geh\/wp-content\/uploads\/2020\/10\/e-19.png 690w, https:\/\/gradasehijos.com\/geh\/wp-content\/uploads\/2020\/10\/e-19-220x300.png 220w\" sizes=\"(max-width: 1061px) 100vw, 1061px\" \/><\/figure>\n\n\n\n<p><span class=\"has-inline-color has-white-color\">a<\/span><\/p>\n\n\n\n<p><span class=\"has-inline-color has-white-color\">a<\/span><\/p>\n\n\n\n<p class=\"has-text-align-left\">Protecci\u00f3n del hormig\u00f3n contra la carbonataci\u00f3n en torres y dep\u00f3sitos<\/p>\n\n\n\n<figure class=\"wp-block-image size-large is-resized\"><img loading=\"lazy\" src=\"http:\/\/gradasehijos.com\/geh\/wp-content\/uploads\/2020\/10\/e-20.png\" alt=\"\" class=\"wp-image-1934\" width=\"1078\" height=\"1648\" srcset=\"https:\/\/gradasehijos.com\/geh\/wp-content\/uploads\/2020\/10\/e-20.png 601w, https:\/\/gradasehijos.com\/geh\/wp-content\/uploads\/2020\/10\/e-20-196x300.png 196w\" sizes=\"(max-width: 1078px) 100vw, 1078px\" \/><\/figure>\n\n\n\n<p><span class=\"has-inline-color has-white-color\">a<\/span><\/p>\n\n\n\n<p><span class=\"has-inline-color has-white-color\">a<\/span><\/p>\n\n\n\n<p>Revestimiento de protecci\u00f3n del hormig\u00f3n contra la carbonataci\u00f3n en edificios y puentes<\/p>\n\n\n\n<figure class=\"wp-block-image size-large is-resized\"><img loading=\"lazy\" src=\"http:\/\/gradasehijos.com\/geh\/wp-content\/uploads\/2020\/10\/e-21.png\" alt=\"\" class=\"wp-image-1936\" width=\"995\" height=\"1572\" srcset=\"https:\/\/gradasehijos.com\/geh\/wp-content\/uploads\/2020\/10\/e-21.png 600w, https:\/\/gradasehijos.com\/geh\/wp-content\/uploads\/2020\/10\/e-21-190x300.png 190w\" sizes=\"(max-width: 995px) 100vw, 995px\" \/><\/figure>\n\n\n\n<p><span class=\"has-inline-color has-white-color\">a<\/span><\/p>\n\n\n\n<p><span class=\"has-inline-color has-white-color\">a<\/span><\/p>\n\n\n\n<p>Revestimiento de protecci\u00f3n del hormig\u00f3n contra la carbonataci\u00f3n en chimenea de acceso a la c\u00fapula del edificio de contenci\u00f3n<\/p>\n\n\n\n<figure class=\"wp-block-image size-large is-resized\"><img loading=\"lazy\" src=\"http:\/\/gradasehijos.com\/geh\/wp-content\/uploads\/2020\/10\/e-22.png\" alt=\"\" class=\"wp-image-1938\" width=\"1070\" height=\"1562\" srcset=\"https:\/\/gradasehijos.com\/geh\/wp-content\/uploads\/2020\/10\/e-22.png 605w, https:\/\/gradasehijos.com\/geh\/wp-content\/uploads\/2020\/10\/e-22-206x300.png 206w\" sizes=\"(max-width: 1070px) 100vw, 1070px\" \/><\/figure>\n","protected":false},"excerpt":{"rendered":"<p>Reparaci\u00f3n del Hormig\u00f3n a a Protecci\u00f3n del hormig\u00f3n contra la carbonataci\u00f3n en torres y dep\u00f3sitos a a Revestimiento de protecci\u00f3n del hormig\u00f3n contra la carbonataci\u00f3n en edificios y puentes a a Revestimiento de protecci\u00f3n del hormig\u00f3n contra la carbonataci\u00f3n en chimenea de acceso a la c\u00fapula del edificio de contenci\u00f3n<\/p>\n","protected":false},"author":1,"featured_media":0,"parent":0,"menu_order":0,"comment_status":"closed","ping_status":"closed","template":"","meta":{"_themeisle_gutenberg_block_has_review":false},"aioseo_notices":[],"_links":{"self":[{"href":"https:\/\/gradasehijos.com\/geh\/wp-json\/wp\/v2\/pages\/186"}],"collection":[{"href":"https:\/\/gradasehijos.com\/geh\/wp-json\/wp\/v2\/pages"}],"about":[{"href":"https:\/\/gradasehijos.com\/geh\/wp-json\/wp\/v2\/types\/page"}],"author":[{"embeddable":true,"href":"https:\/\/gradasehijos.com\/geh\/wp-json\/wp\/v2\/users\/1"}],"replies":[{"embeddable":true,"href":"https:\/\/gradasehijos.com\/geh\/wp-json\/wp\/v2\/comments?post=186"}],"version-history":[{"count":11,"href":"https:\/\/gradasehijos.com\/geh\/wp-json\/wp\/v2\/pages\/186\/revisions"}],"predecessor-version":[{"id":2209,"href":"https:\/\/gradasehijos.com\/geh\/wp-json\/wp\/v2\/pages\/186\/revisions\/2209"}],"wp:attachment":[{"href":"https:\/\/gradasehijos.com\/geh\/wp-json\/wp\/v2\/media?parent=186"}],"curies":[{"name":"wp","href":"https:\/\/api.w.org\/{rel}","templated":true}]}}