{"id":182,"date":"2020-08-13T14:07:26","date_gmt":"2020-08-13T14:07:26","guid":{"rendered":"http:\/\/gradasehijos.com\/geh\/?page_id=182"},"modified":"2020-11-24T17:03:08","modified_gmt":"2020-11-24T17:03:08","slug":"interior-de-chimeneas","status":"publish","type":"page","link":"https:\/\/gradasehijos.com\/geh\/interior-de-chimeneas\/","title":{"rendered":"Interior de Chimeneas"},"content":{"rendered":"\n<p class=\"has-3-xl-font-size\"><strong><span style=\"color:#0400ff\" class=\"has-inline-color\">Trabajos Interior de chimeneas<\/span><\/strong><\/p>\n\n\n\n<div class=\"wp-container-1 wp-block-group\"><div class=\"wp-block-group__inner-container\"><\/div><\/div>\n\n\n\n<div class=\"wp-container-2 wp-block-group\"><div class=\"wp-block-group__inner-container\">\n<p>Inspecci\u00f3n interior de chimeneas con recogida de datos, toma de fotografias generales y de detalle , para situar&nbsp; los da\u00f1os y evaluar su reparaci\u00f3n.<\/p>\n\n\n\n<div class=\"wp-block-image\"><figure class=\"aligncenter size-large is-resized\"><img loading=\"lazy\" src=\"http:\/\/gradasehijos.com\/geh\/wp-content\/uploads\/2020\/09\/Sin-titulo-6.png\" alt=\"\" class=\"wp-image-1462\" width=\"982\" height=\"505\" srcset=\"https:\/\/gradasehijos.com\/geh\/wp-content\/uploads\/2020\/09\/Sin-titulo-6.png 554w, https:\/\/gradasehijos.com\/geh\/wp-content\/uploads\/2020\/09\/Sin-titulo-6-300x154.png 300w\" sizes=\"(max-width: 982px) 100vw, 982px\" \/><\/figure><\/div>\n<\/div><\/div>\n\n\n\n<p><span class=\"has-inline-color has-white-color\">a<\/span><\/p>\n\n\n\n<p>Cambio de cord\u00f3n cer\u00e1mico de juntas entre tromeles y colocacion cordon ceramico en el cierre coronacion<\/p>\n\n\n\n<div class=\"wp-block-image\"><figure class=\"aligncenter size-large is-resized\"><img loading=\"lazy\" src=\"http:\/\/gradasehijos.com\/geh\/wp-content\/uploads\/2020\/09\/Sin-titeulo.png\" alt=\"\" class=\"wp-image-1463\" width=\"990\" height=\"402\" srcset=\"https:\/\/gradasehijos.com\/geh\/wp-content\/uploads\/2020\/09\/Sin-titeulo.png 555w, https:\/\/gradasehijos.com\/geh\/wp-content\/uploads\/2020\/09\/Sin-titeulo-300x122.png 300w\" sizes=\"(max-width: 990px) 100vw, 990px\" \/><\/figure><\/div>\n\n\n\n<div class=\"wp-block-image\"><figure class=\"aligncenter size-large is-resized\"><img loading=\"lazy\" src=\"http:\/\/gradasehijos.com\/geh\/wp-content\/uploads\/2020\/09\/Sin-titeeulo.png\" alt=\"\" class=\"wp-image-1467\" width=\"989\" height=\"598\" srcset=\"https:\/\/gradasehijos.com\/geh\/wp-content\/uploads\/2020\/09\/Sin-titeeulo.png 379w, https:\/\/gradasehijos.com\/geh\/wp-content\/uploads\/2020\/09\/Sin-titeeulo-300x181.png 300w\" sizes=\"(max-width: 989px) 100vw, 989px\" \/><\/figure><\/div>\n\n\n\n<p><span class=\"has-inline-color has-white-color\">a<\/span><\/p>\n\n\n\n<p>Limpieza de la acumulaci\u00f3n de cenizas\u00a0 de la fabrica de ladrillo refractario del interior de chimeneas por medio de presi\u00f3n de agua<\/p>\n\n\n\n<div class=\"wp-block-image\"><figure class=\"aligncenter size-large is-resized\"><img loading=\"lazy\" src=\"http:\/\/gradasehijos.com\/geh\/wp-content\/uploads\/2020\/09\/Sin-titeeeulo.png\" alt=\"\" class=\"wp-image-1469\" width=\"990\" height=\"721\" srcset=\"https:\/\/gradasehijos.com\/geh\/wp-content\/uploads\/2020\/09\/Sin-titeeeulo.png 542w, https:\/\/gradasehijos.com\/geh\/wp-content\/uploads\/2020\/09\/Sin-titeeeulo-300x218.png 300w\" sizes=\"(max-width: 990px) 100vw, 990px\" \/><\/figure><\/div>\n\n\n\n<p><span class=\"has-inline-color has-white-color\">a<\/span><\/p>\n\n\n\n<p>Reparaci\u00f3n de grietas del ladrillo refractario del conducto de humos del interior de chimeneas.<\/p>\n\n\n\n<div class=\"wp-block-image\"><figure class=\"aligncenter size-large is-resized\"><img loading=\"lazy\" src=\"http:\/\/gradasehijos.com\/geh\/wp-content\/uploads\/2020\/09\/Sin-titeeeeulo.png\" alt=\"\" class=\"wp-image-1470\" width=\"997\" height=\"632\" srcset=\"https:\/\/gradasehijos.com\/geh\/wp-content\/uploads\/2020\/09\/Sin-titeeeeulo.png 542w, https:\/\/gradasehijos.com\/geh\/wp-content\/uploads\/2020\/09\/Sin-titeeeeulo-300x190.png 300w\" sizes=\"(max-width: 997px) 100vw, 997px\" \/><\/figure><\/div>\n\n\n\n<p><span class=\"has-inline-color has-white-color\">a<\/span><\/p>\n\n\n\n<p>Proceso de reparaci\u00f3n de grietas en el ladrillo refractario, hacer regata con disco de diamante, colocar grapas inox, recubrimiento y sellado de la regata aplicando mortero refractario anti\u00e1cido.<\/p>\n\n\n\n<div class=\"wp-block-image\"><figure class=\"aligncenter size-large is-resized\"><img loading=\"lazy\" src=\"http:\/\/gradasehijos.com\/geh\/wp-content\/uploads\/2020\/09\/Sin-titeeeeeulo.png\" alt=\"\" class=\"wp-image-1471\" width=\"1001\" height=\"615\" srcset=\"https:\/\/gradasehijos.com\/geh\/wp-content\/uploads\/2020\/09\/Sin-titeeeeeulo.png 455w, https:\/\/gradasehijos.com\/geh\/wp-content\/uploads\/2020\/09\/Sin-titeeeeeulo-300x185.png 300w\" sizes=\"(max-width: 1001px) 100vw, 1001px\" \/><\/figure><\/div>\n\n\n\n<div class=\"wp-block-image\"><figure class=\"aligncenter size-large is-resized\"><img loading=\"lazy\" src=\"http:\/\/gradasehijos.com\/geh\/wp-content\/uploads\/2020\/09\/Sin-titeeeeeeulo.png\" alt=\"\" class=\"wp-image-1472\" width=\"1000\" height=\"1373\" srcset=\"https:\/\/gradasehijos.com\/geh\/wp-content\/uploads\/2020\/09\/Sin-titeeeeeeulo.png 379w, https:\/\/gradasehijos.com\/geh\/wp-content\/uploads\/2020\/09\/Sin-titeeeeeeulo-218x300.png 218w\" sizes=\"(max-width: 1000px) 100vw, 1000px\" \/><\/figure><\/div>\n\n\n\n<p><span class=\"has-inline-color has-white-color\">a<\/span><\/p>\n\n\n\n<p>Sellado con mortero refractario antiacido entre las tubuladuras pasantes y los ladrillos refractarios del conducto de humos del interior de chimeneas<\/p>\n\n\n\n<div class=\"wp-block-image\"><figure class=\"aligncenter size-large is-resized\"><img loading=\"lazy\" src=\"http:\/\/gradasehijos.com\/geh\/wp-content\/uploads\/2020\/09\/Sin-titeeeeeeeulo-1-1024x601.png\" alt=\"\" class=\"wp-image-1474\" width=\"1000\" height=\"586\" srcset=\"https:\/\/gradasehijos.com\/geh\/wp-content\/uploads\/2020\/09\/Sin-titeeeeeeeulo-1-1024x601.png 1024w, https:\/\/gradasehijos.com\/geh\/wp-content\/uploads\/2020\/09\/Sin-titeeeeeeeulo-1-300x176.png 300w, https:\/\/gradasehijos.com\/geh\/wp-content\/uploads\/2020\/09\/Sin-titeeeeeeeulo-1-768x450.png 768w, https:\/\/gradasehijos.com\/geh\/wp-content\/uploads\/2020\/09\/Sin-titeeeeeeeulo-1-1536x901.png 1536w, https:\/\/gradasehijos.com\/geh\/wp-content\/uploads\/2020\/09\/Sin-titeeeeeeeulo-1-2048x1201.png 2048w\" sizes=\"(max-width: 1000px) 100vw, 1000px\" \/><\/figure><\/div>\n\n\n\n<div class=\"wp-block-image\"><figure class=\"aligncenter size-large is-resized\"><img loading=\"lazy\" src=\"http:\/\/gradasehijos.com\/geh\/wp-content\/uploads\/2020\/09\/Sin-titeeeeeeeeulo.png\" alt=\"\" class=\"wp-image-1475\" width=\"1001\" height=\"1114\"\/><\/figure><\/div>\n","protected":false},"excerpt":{"rendered":"<p>Trabajos Interior de chimeneas Inspecci\u00f3n interior de chimeneas con recogida de datos, toma de fotografias generales y de detalle , para situar&nbsp; los da\u00f1os y evaluar su reparaci\u00f3n. a Cambio de cord\u00f3n cer\u00e1mico de juntas entre tromeles y colocacion cordon ceramico en el cierre coronacion a Limpieza de la acumulaci\u00f3n de cenizas\u00a0 de la fabrica&hellip;<\/p>\n<p class=\"more\"><a class=\"more-link\" href=\"https:\/\/gradasehijos.com\/geh\/interior-de-chimeneas\/\">Seguir leyendo <span class=\"screen-reader-text\">Interior de Chimeneas<\/span><\/a><\/p>\n","protected":false},"author":1,"featured_media":0,"parent":0,"menu_order":0,"comment_status":"closed","ping_status":"closed","template":"","meta":{"_themeisle_gutenberg_block_has_review":false},"aioseo_notices":[],"_links":{"self":[{"href":"https:\/\/gradasehijos.com\/geh\/wp-json\/wp\/v2\/pages\/182"}],"collection":[{"href":"https:\/\/gradasehijos.com\/geh\/wp-json\/wp\/v2\/pages"}],"about":[{"href":"https:\/\/gradasehijos.com\/geh\/wp-json\/wp\/v2\/types\/page"}],"author":[{"embeddable":true,"href":"https:\/\/gradasehijos.com\/geh\/wp-json\/wp\/v2\/users\/1"}],"replies":[{"embeddable":true,"href":"https:\/\/gradasehijos.com\/geh\/wp-json\/wp\/v2\/comments?post=182"}],"version-history":[{"count":48,"href":"https:\/\/gradasehijos.com\/geh\/wp-json\/wp\/v2\/pages\/182\/revisions"}],"predecessor-version":[{"id":2653,"href":"https:\/\/gradasehijos.com\/geh\/wp-json\/wp\/v2\/pages\/182\/revisions\/2653"}],"wp:attachment":[{"href":"https:\/\/gradasehijos.com\/geh\/wp-json\/wp\/v2\/media?parent=182"}],"curies":[{"name":"wp","href":"https:\/\/api.w.org\/{rel}","templated":true}]}}