{"id":169,"date":"2020-08-13T14:01:25","date_gmt":"2020-08-13T14:01:25","guid":{"rendered":"http:\/\/gradasehijos.com\/geh\/?page_id=169"},"modified":"2020-11-24T16:59:05","modified_gmt":"2020-11-24T16:59:05","slug":"seguridad","status":"publish","type":"page","link":"https:\/\/gradasehijos.com\/geh\/seguridad\/","title":{"rendered":"Seguridad"},"content":{"rendered":"\n<figure class=\"wp-block-image size-large is-resized\"><img loading=\"lazy\" src=\"http:\/\/gradasehijos.com\/geh\/wp-content\/uploads\/2020\/09\/image004-1.png\" alt=\"\" class=\"wp-image-1202\" width=\"842\" height=\"347\" srcset=\"https:\/\/gradasehijos.com\/geh\/wp-content\/uploads\/2020\/09\/image004-1.png 643w, https:\/\/gradasehijos.com\/geh\/wp-content\/uploads\/2020\/09\/image004-1-300x124.png 300w\" sizes=\"(max-width: 842px) 100vw, 842px\" \/><\/figure>\n\n\n\n<p><span class=\"has-inline-color has-dark-color\">a<\/span><\/p>\n\n\n\n<p class=\"has-3-xl-font-size\"><strong><span style=\"color:#1e00ff\" class=\"has-inline-color\">El control del Riesgo y la Seguridad<\/span><\/strong><\/p>\n\n\n\n<p class=\"has-text-align-left\">La prevenci\u00f3n y el estudio de los riesgos reales en obra, es nuestro primer paso para la elaboraci\u00f3n del proyecto de cualquier obra que se nos solicite realizar.<\/p>\n\n\n\n<p class=\"has-text-align-left\">Cada obra es estudiada y valorada hasta su \u00faltimo detalle, valorando todos y cada uno de los riesgos que implique y la forma m\u00e1s segura de contrarrestarlos.<\/p>\n\n\n\n<p class=\"has-text-align-left\">Adaptamos nuestra larga experiencia en&nbsp;<strong><span style=\"color:#ff0000\" class=\"has-inline-color\">S<\/span><\/strong>eguridad y&nbsp;<strong><span style=\"color:#ff0000\" class=\"has-inline-color\">C<\/span><\/strong>alidad a las singularidades de cada obra o problema.<\/p>\n\n\n\n<p class=\"has-text-align-left\">Todo el personal de&nbsp;<strong>Gradas e Hijos, S.L.<\/strong>&nbsp;esta implicado directa y totalmente en su propia&nbsp;<span style=\"color:#ff0000\" class=\"has-inline-color\">&nbsp;<strong>S<\/strong><\/span>eguridad y la del equipo.<\/p>\n","protected":false},"excerpt":{"rendered":"<p>a El control del Riesgo y la Seguridad La prevenci\u00f3n y el estudio de los riesgos reales en obra, es nuestro primer paso para la elaboraci\u00f3n del proyecto de cualquier obra que se nos solicite realizar. Cada obra es estudiada y valorada hasta su \u00faltimo detalle, valorando todos y cada uno de los riesgos que&hellip;<\/p>\n<p class=\"more\"><a class=\"more-link\" href=\"https:\/\/gradasehijos.com\/geh\/seguridad\/\">Seguir leyendo <span class=\"screen-reader-text\">Seguridad<\/span><\/a><\/p>\n","protected":false},"author":1,"featured_media":0,"parent":0,"menu_order":0,"comment_status":"closed","ping_status":"closed","template":"","meta":{"_themeisle_gutenberg_block_has_review":false},"aioseo_notices":[],"_links":{"self":[{"href":"https:\/\/gradasehijos.com\/geh\/wp-json\/wp\/v2\/pages\/169"}],"collection":[{"href":"https:\/\/gradasehijos.com\/geh\/wp-json\/wp\/v2\/pages"}],"about":[{"href":"https:\/\/gradasehijos.com\/geh\/wp-json\/wp\/v2\/types\/page"}],"author":[{"embeddable":true,"href":"https:\/\/gradasehijos.com\/geh\/wp-json\/wp\/v2\/users\/1"}],"replies":[{"embeddable":true,"href":"https:\/\/gradasehijos.com\/geh\/wp-json\/wp\/v2\/comments?post=169"}],"version-history":[{"count":11,"href":"https:\/\/gradasehijos.com\/geh\/wp-json\/wp\/v2\/pages\/169\/revisions"}],"predecessor-version":[{"id":2650,"href":"https:\/\/gradasehijos.com\/geh\/wp-json\/wp\/v2\/pages\/169\/revisions\/2650"}],"wp:attachment":[{"href":"https:\/\/gradasehijos.com\/geh\/wp-json\/wp\/v2\/media?parent=169"}],"curies":[{"name":"wp","href":"https:\/\/api.w.org\/{rel}","templated":true}]}}